{"id":1860,"date":"2021-07-27T11:04:55","date_gmt":"2021-07-27T10:04:55","guid":{"rendered":"https:\/\/teilafabrika.eus\/teila-fabrika\/"},"modified":"2021-10-01T09:13:17","modified_gmt":"2021-10-01T08:13:17","slug":"teila-fabrika","status":"publish","type":"page","link":"https:\/\/teilafabrika.eus\/es\/teila-fabrika\/","title":{"rendered":"TEILA FABRIKA"},"content":{"rendered":"<p>[et_pb_section fb_built=\u00bb1&#8243; _builder_version=\u00bb4.5.1&#8243; _module_preset=\u00bbdefault\u00bb background_image=\u00bbhttps:\/\/teilafabrika.eus\/wp-content\/uploads\/2020\/07\/Coworking-en-san-sebastian.jpg\u00bb][et_pb_row column_structure=\u00bb1_2,1_2&#8243; _builder_version=\u00bb4.5.1&#8243; _module_preset=\u00bbdefault\u00bb][et_pb_column type=\u00bb1_2&#8243; _builder_version=\u00bb4.5.1&#8243; _module_preset=\u00bbdefault\u00bb][et_pb_text _builder_version=\u00bb4.5.1&#8243; _module_preset=\u00bbdefault\u00bb text_font=\u00bb|300|||||||\u00bb text_text_color=\u00bb#000000&#8243;]<\/p>\n<h1> Debemos nuestro nombre a la antigua F\u00e1brica de Tejas de Egia.<br \/>\n<\/h1>\n<p>La \u00abF\u00e1brica de Tejas y Ladrillos S.A.\u00bb, se inaugur\u00f3 en 1903 y era un edificio con una chimenea de 40 metros situado en la calle Tejer\u00eda. Cerca de 40 personas procedentes principalmente de Astigarraga fabricaban tejas planas y ladrillos, hasta su cierre en 1936. La f\u00e1brica fue derribada en 1961.[\/et_pb_text][et_pb_slider disabled_on=\u00bboff|off|off\u00bb _builder_version=\u00bb4.9.4&#8243; _module_preset=\u00bbdefault\u00bb height=\u00bb300px\u00bb auto=\u00bbon\u00bb auto_speed=\u00bb3000&#8243;][et_pb_slide _builder_version=\u00bb4.9.2&#8243; _module_preset=\u00bbdefault\u00bb background_color=\u00bbRGBA(0,0,0,0)\u00bb background_enable_color=\u00bbon\u00bb background_image=\u00bbhttps:\/\/teilafabrika.eus\/wp-content\/uploads\/2020\/07\/Espacio-coworking-en-egia.jpg\u00bb background_enable_image=\u00bbon\u00bb link_option_url=\u00bbhttps:\/\/gordegia.eus\/argazki-bilaketa\/?wpv_post_search=tejeria#images-6&#8243; link_option_url_new_window=\u00bbon\u00bb sticky_transition=\u00bbon\u00bb][\/et_pb_slide][et_pb_slide _builder_version=\u00bb4.9.2&#8243; _module_preset=\u00bbdefault\u00bb background_enable_color=\u00bboff\u00bb background_image=\u00bbhttps:\/\/teilafabrika.eus\/wp-content\/uploads\/2020\/07\/alquiler-de-oficinas-para-autonomos.jpg\u00bb background_enable_image=\u00bbon\u00bb link_option_url=\u00bbhttps:\/\/gordegia.eus\/bildumako-argazkiak\/?wpvphotosevent=0000-tabakalera-tailerrak#images-16&#8243; link_option_url_new_window=\u00bbon\u00bb sticky_transition=\u00bbon\u00bb][\/et_pb_slide][et_pb_slide _builder_version=\u00bb4.9.2&#8243; _module_preset=\u00bbdefault\u00bb background_enable_color=\u00bboff\u00bb background_image=\u00bbhttps:\/\/teilafabrika.eus\/wp-content\/uploads\/2021\/03\/0000-Don-Pedro-Eskola-001.jpg\u00bb background_enable_image=\u00bbon\u00bb link_option_url=\u00bbhttps:\/\/gordegia.eus\/bildumako-argazkiak\/?wpvphotosevent=0000-don-pedro-eskola-publikoa#images-1&#8243; link_option_url_new_window=\u00bbon\u00bb sticky_transition=\u00bbon\u00bb][\/et_pb_slide][et_pb_slide _builder_version=\u00bb4.9.2&#8243; _module_preset=\u00bbdefault\u00bb background_enable_color=\u00bboff\u00bb background_image=\u00bbhttps:\/\/teilafabrika.eus\/wp-content\/uploads\/2021\/03\/1920-Atletismo-frogak-Atotxa-01.jpg\u00bb background_enable_image=\u00bbon\u00bb link_option_url=\u00bbhttps:\/\/gordegia.eus\/bildumako-argazkiak\/?wpvphotosevent=1920-atletismo-frogak-atotxa#images-1&#8243; link_option_url_new_window=\u00bbon\u00bb sticky_transition=\u00bbon\u00bb][\/et_pb_slide][et_pb_slide _builder_version=\u00bb4.9.2&#8243; _module_preset=\u00bbdefault\u00bb background_enable_color=\u00bboff\u00bb background_image=\u00bbhttps:\/\/teilafabrika.eus\/wp-content\/uploads\/2021\/03\/1924-Ikusleak-Atotxa-futbol-zelaia.jpg\u00bb background_enable_image=\u00bbon\u00bb link_option_url=\u00bbhttps:\/\/gordegia.eus\/bildumako-argazkiak\/?wpvphotosevent=1924-ikusleak-atotxa-futbol-zelaia#images\u00bb link_option_url_new_window=\u00bbon\u00bb sticky_transition=\u00bbon\u00bb][\/et_pb_slide][et_pb_slide _builder_version=\u00bb4.9.2&#8243; _module_preset=\u00bbdefault\u00bb background_enable_color=\u00bboff\u00bb background_image=\u00bbhttps:\/\/teilafabrika.eus\/wp-content\/uploads\/2021\/03\/1943-Konpartsa-Aldakoenea-2.jpg\u00bb background_enable_image=\u00bbon\u00bb link_option_url=\u00bbhttps:\/\/gordegia.eus\/bildumako-argazkiak\/?wpvphotosevent=1943-konpartsa-aldakoenea#images-2&#8243; link_option_url_new_window=\u00bbon\u00bb sticky_transition=\u00bbon\u00bb][\/et_pb_slide][et_pb_slide _builder_version=\u00bb4.9.2&#8243; _module_preset=\u00bbdefault\u00bb background_enable_color=\u00bboff\u00bb background_image=\u00bbhttps:\/\/teilafabrika.eus\/wp-content\/uploads\/2021\/03\/Egilea-Felix-Lopez-Galarreta.jpg\u00bb background_enable_image=\u00bbon\u00bb link_option_url=\u00bbhttps:\/\/gordegia.eus\/bildumako-argazkiak\/?wpvphotosevent=0000-ametzagaina-obrak#images-1&#8243; link_option_url_new_window=\u00bbon\u00bb sticky_transition=\u00bbon\u00bb][\/et_pb_slide][et_pb_slide _builder_version=\u00bb4.9.2&#8243; _module_preset=\u00bbdefault\u00bb background_enable_color=\u00bboff\u00bb background_image=\u00bbhttps:\/\/teilafabrika.eus\/wp-content\/uploads\/2021\/03\/Egilea-Javier-Gallego.jpg\u00bb background_enable_image=\u00bbon\u00bb link_option_url=\u00bbhttps:\/\/gordegia.eus\/argazki-bilaketa\/?wpv_post_search=Javier+Gallego#images-35&#8243; link_option_url_new_window=\u00bbon\u00bb sticky_transition=\u00bbon\u00bb][\/et_pb_slide][\/et_pb_slider][et_pb_text _builder_version=\u00bb4.9.2&#8243; _module_preset=\u00bbdefault\u00bb text_font=\u00bb|300|||||||\u00bb text_text_color=\u00bb#000000&#8243;]<\/p>\n<p>Argazkiak<span style=\"color: #000000;\">:<a href=\"https:\/\/gordegia.eus\" class=\"linka\" target=\"_blank\" rel=\"noopener\" style=\"color: #000000;\"> GORDEGIA<\/a><\/span><\/p>\n<p>[\/et_pb_text][\/et_pb_column][et_pb_column type=\u00bb1_2&#8243; _builder_version=\u00bb4.5.1&#8243; _module_preset=\u00bbdefault\u00bb][et_pb_text _builder_version=\u00bb4.9.4&#8243; _module_preset=\u00bbdefault\u00bb header_line_height=\u00bb2em\u00bb header_3_font=\u00bb|700|||||||\u00bb header_3_font_size=\u00bb20px\u00bb header_3_line_height=\u00bb2em\u00bb animation_style=\u00bbfade\u00bb animation_duration=\u00bb1100ms\u00bb animation_delay=\u00bb100ms\u00bb]<\/p>\n<h3> Somos un proyecto relacionado con la memoria industrial y social del barrio de Egia. <\/h3>\n<p>[\/et_pb_text][\/et_pb_column][\/et_pb_row][\/et_pb_section][et_pb_section fb_built=\u00bb1&#8243; _builder_version=\u00bb4.5.1&#8243; _module_preset=\u00bbdefault\u00bb background_image=\u00bbhttps:\/\/teilafabrika.eus\/wp-content\/uploads\/2020\/07\/Teila-Fabrika-ekintza-gunea.jpg\u00bb][et_pb_row column_structure=\u00bb1_2,1_2&#8243; _builder_version=\u00bb4.5.1&#8243; _module_preset=\u00bbdefault\u00bb][et_pb_column type=\u00bb1_2&#8243; _builder_version=\u00bb4.5.1&#8243; _module_preset=\u00bbdefault\u00bb][et_pb_text _builder_version=\u00bb4.9.4&#8243; _module_preset=\u00bbdefault\u00bb text_font=\u00bb|300|||||||\u00bb text_font_size=\u00bb18px\u00bb text_line_height=\u00bb1.6em\u00bb header_2_font=\u00bb|700|||||||\u00bb header_2_text_align=\u00bbcenter\u00bb header_2_text_color=\u00bb#ffffff\u00bb text_orientation=\u00bbcenter\u00bb]<\/p>\n<h2>La Memoria<\/h2>\n<p><span style=\"color: #333333;\"> La actual Teila Fabrika es tambi\u00e9n un espacio de trabajo y encuentro, una f\u00e1brica de proyectos del siglo XXI. Pero la memoria tambi\u00e9n tiene su lugar bajo nuestro tejado a trav\u00e9s del proyecto <\/span><br \/><span style=\"color: #333333;\"><a href=\"gordegia.eus\" style=\"color: #333333;\"><strong>GORDEGIA, El Archivo Gr\u00e1fico de Egia<br \/>\n<\/strong><\/a><\/span><\/p>\n<p>[\/et_pb_text][\/et_pb_column][et_pb_column type=\u00bb1_2&#8243; _builder_version=\u00bb4.5.1&#8243; _module_preset=\u00bbdefault\u00bb][et_pb_text _builder_version=\u00bb4.9.4&#8243; _module_preset=\u00bbdefault\u00bb text_font=\u00bb|300|||||||\u00bb text_font_size=\u00bb18px\u00bb text_line_height=\u00bb1.6em\u00bb header_2_font=\u00bb|700|||||||\u00bb header_2_text_align=\u00bbcenter\u00bb header_2_text_color=\u00bb#ffffff\u00bb text_orientation=\u00bbcenter\u00bb]<\/p>\n<h2>Las Tejas<\/h2>\n<p><span style=\"color: #333333;\">La teja es un elemento con una gran simbolog\u00eda en la cultura vasca; representa el hogar, la protecci\u00f3n&#8230; Aquello que queremos ser para dar impulso a las personas y los proyectos.<\/span><\/p>\n<p>[\/et_pb_text][\/et_pb_column][\/et_pb_row][\/et_pb_section][et_pb_section fb_built=\u00bb1&#8243; _builder_version=\u00bb4.5.1&#8243; _module_preset=\u00bbdefault\u00bb][et_pb_row _builder_version=\u00bb4.5.1&#8243; _module_preset=\u00bbdefault\u00bb][et_pb_column type=\u00bb4_4&#8243; _builder_version=\u00bb4.5.1&#8243; _module_preset=\u00bbdefault\u00bb][et_pb_text _builder_version=\u00bb4.9.4&#8243; _module_preset=\u00bbdefault\u00bb header_2_font=\u00bb|800|||||||\u00bb header_2_text_align=\u00bbcenter\u00bb header_2_font_size=\u00bb35px\u00bb]<\/p>\n<h2>Nuestros valores<\/h2>\n<p>[\/et_pb_text][\/et_pb_column][\/et_pb_row][et_pb_row column_structure=\u00bb1_3,1_3,1_3&#8243; _builder_version=\u00bb4.9.4&#8243; _module_preset=\u00bbdefault\u00bb animation_style=\u00bbfade\u00bb][et_pb_column type=\u00bb1_3&#8243; _builder_version=\u00bb4.5.1&#8243; _module_preset=\u00bbdefault\u00bb][et_pb_blurb title=\u00bbComunidad y colaboraci\u00f3n\u00bb use_icon=\u00bbon\u00bb font_icon=\u00bb%%135%%\u00bb icon_color=\u00bb#5e5e5e\u00bb use_icon_font_size=\u00bbon\u00bb icon_font_size=\u00bb47px\u00bb _builder_version=\u00bb4.9.10&#8243; _module_preset=\u00bbdefault\u00bb header_font=\u00bb|700|||||||\u00bb header_text_align=\u00bbcenter\u00bb body_font=\u00bb|300|||||||\u00bb body_text_align=\u00bbcenter\u00bb]Compartiendo conocimientos y mediante la inter-cooperaci\u00f3n es como daremos impulso a personas, grupos y proyectos. [\/et_pb_blurb][\/et_pb_column][et_pb_column type=\u00bb1_3&#8243; _builder_version=\u00bb4.5.1&#8243; _module_preset=\u00bbdefault\u00bb][et_pb_blurb title=\u00bbDe Egia\u00bb use_icon=\u00bbon\u00bb font_icon=\u00bb%%249%%\u00bb icon_color=\u00bb#5e5e5e\u00bb use_icon_font_size=\u00bbon\u00bb icon_font_size=\u00bb47px\u00bb _builder_version=\u00bb4.5.1&#8243; _module_preset=\u00bbdefault\u00bb header_font=\u00bb|700|||||||\u00bb header_text_align=\u00bbcenter\u00bb body_font=\u00bb|300|||||||\u00bb body_text_align=\u00bbcenter\u00bb]Somos un espacio unido a Egia y queremos ser un agente m\u00e1s de nuestro barrio. [\/et_pb_blurb][\/et_pb_column][et_pb_column type=\u00bb1_3&#8243; _builder_version=\u00bb4.5.1&#8243; _module_preset=\u00bbdefault\u00bb][et_pb_blurb title=\u00bbEconom\u00eda social y transformadora\u00bb use_icon=\u00bbon\u00bb font_icon=\u00bb%%176%%\u00bb icon_color=\u00bb#5e5e5e\u00bb use_icon_font_size=\u00bbon\u00bb icon_font_size=\u00bb47px\u00bb _builder_version=\u00bb4.5.1&#8243; _module_preset=\u00bbdefault\u00bb header_font=\u00bb|700|||||||\u00bb header_text_align=\u00bbcenter\u00bb body_font=\u00bb|300|||||||\u00bb body_text_align=\u00bbcenter\u00bb]Vamos a apostar por una econom\u00eda que aporte beneficio social, fomentando la transformaci\u00f3n social. [\/et_pb_blurb][\/et_pb_column][\/et_pb_row][et_pb_row column_structure=\u00bb1_3,1_3,1_3&#8243; _builder_version=\u00bb4.9.4&#8243; _module_preset=\u00bbdefault\u00bb animation_style=\u00bbfade\u00bb][et_pb_column type=\u00bb1_3&#8243; _builder_version=\u00bb4.5.1&#8243; _module_preset=\u00bbdefault\u00bb][et_pb_blurb title=\u00bbCultura y Euskara\u00bb use_icon=\u00bbon\u00bb font_icon=\u00bb%%222%%\u00bb icon_color=\u00bb#5e5e5e\u00bb use_icon_font_size=\u00bbon\u00bb icon_font_size=\u00bb47px\u00bb _builder_version=\u00bb4.9.10&#8243; _module_preset=\u00bbdefault\u00bb header_font=\u00bb|700|||||||\u00bb header_text_align=\u00bbcenter\u00bb body_font=\u00bb|300|||||||\u00bb body_text_align=\u00bbcenter\u00bb hover_enabled=\u00bb0&#8243; sticky_enabled=\u00bb0&#8243;]Queremos preservar y difundir nuestra lengua y nuestra cultura.[\/et_pb_blurb][\/et_pb_column][et_pb_column type=\u00bb1_3&#8243; _builder_version=\u00bb4.5.1&#8243; _module_preset=\u00bbdefault\u00bb][et_pb_blurb title=\u00bbFeminismo\u00bb use_icon=\u00bbon\u00bb font_icon=\u00bb%%259%%\u00bb icon_color=\u00bb#5e5e5e\u00bb use_icon_font_size=\u00bbon\u00bb icon_font_size=\u00bb47px\u00bb _builder_version=\u00bb4.9.10&#8243; _module_preset=\u00bbdefault\u00bb header_font=\u00bb|700|||||||\u00bb header_text_align=\u00bbcenter\u00bb body_font=\u00bb|300|||||||\u00bb body_text_align=\u00bbcenter\u00bb]Porque creemos en la igualdad entre mujeres y hombres.[\/et_pb_blurb][\/et_pb_column][et_pb_column type=\u00bb1_3&#8243; _builder_version=\u00bb4.5.1&#8243; _module_preset=\u00bbdefault\u00bb][et_pb_blurb title=\u00bbRed\u00bb use_icon=\u00bbon\u00bb font_icon=\u00bb%%304%%\u00bb icon_color=\u00bb#5e5e5e\u00bb use_icon_font_size=\u00bbon\u00bb icon_font_size=\u00bb47px\u00bb _builder_version=\u00bb4.5.1&#8243; _module_preset=\u00bbdefault\u00bb header_font=\u00bb|700|||||||\u00bb header_text_align=\u00bbcenter\u00bb body_font=\u00bb|300|||||||\u00bb body_text_align=\u00bbcenter\u00bb]Creemos en la cooperaci\u00f3n entre diferentes agentes y recorreremos el camino aunando fuerzas y capacidades. [\/et_pb_blurb][\/et_pb_column][\/et_pb_row][\/et_pb_section]<\/p>\n","protected":false},"excerpt":{"rendered":"<p>Debemos nuestro nombre a la antigua F\u00e1brica de Tejas de Egia. La \u00abF\u00e1brica de Tejas y Ladrillos S.A.\u00bb, se inaugur\u00f3 en 1903 y era un edificio con una chimenea de 40 metros situado en la calle Tejer\u00eda. Cerca de 40 personas procedentes principalmente de Astigarraga fabricaban tejas planas y ladrillos, hasta su cierre en 1936. [&hellip;]<\/p>\n","protected":false},"author":1,"featured_media":0,"parent":0,"menu_order":0,"comment_status":"closed","ping_status":"closed","template":"","meta":{"_et_pb_use_builder":"on","_et_pb_old_content":"","_et_gb_content_width":"","footnotes":""},"class_list":["post-1860","page","type-page","status-publish","hentry"],"yoast_head":"<!-- This site is optimized with the Yoast SEO plugin v27.2 - https:\/\/yoast.com\/product\/yoast-seo-wordpress\/ -->\n<title>TEILA FABRIKA - Teila Fabrika<\/title>\n<meta name=\"robots\" content=\"index, follow, max-snippet:-1, max-image-preview:large, max-video-preview:-1\" \/>\n<link rel=\"canonical\" href=\"https:\/\/teilafabrika.eus\/teila-fabrika\/\" \/>\n<meta property=\"og:locale\" content=\"es_ES\" \/>\n<meta property=\"og:type\" content=\"article\" \/>\n<meta property=\"og:title\" content=\"TEILA FABRIKA - Teila Fabrika\" \/>\n<meta property=\"og:description\" content=\"Debemos nuestro nombre a la antigua F\u00e1brica de Tejas de Egia. La &quot;F\u00e1brica de Tejas y Ladrillos S.A.&quot;, se inaugur\u00f3 en 1903 y era un edificio con una chimenea de 40 metros situado en la calle Tejer\u00eda. Cerca de 40 personas procedentes principalmente de Astigarraga fabricaban tejas planas y ladrillos, hasta su cierre en 1936. [&hellip;]\" \/>\n<meta property=\"og:url\" content=\"https:\/\/teilafabrika.eus\/teila-fabrika\/\" \/>\n<meta property=\"og:site_name\" content=\"Teila Fabrika\" \/>\n<meta property=\"article:modified_time\" content=\"2021-10-01T08:13:17+00:00\" \/>\n<meta name=\"twitter:card\" content=\"summary_large_image\" \/>\n<meta name=\"twitter:label1\" content=\"Tiempo de lectura\" \/>\n\t<meta name=\"twitter:data1\" content=\"7 minutos\" \/>\n<script type=\"application\/ld+json\" class=\"yoast-schema-graph\">{\"@context\":\"https:\/\/schema.org\",\"@graph\":[{\"@type\":\"WebPage\",\"@id\":\"https:\/\/teilafabrika.eus\/teila-fabrika\/\",\"url\":\"https:\/\/teilafabrika.eus\/teila-fabrika\/\",\"name\":\"TEILA FABRIKA - Teila Fabrika\",\"isPartOf\":{\"@id\":\"https:\/\/teilafabrika.eus\/#website\"},\"datePublished\":\"2021-07-27T10:04:55+00:00\",\"dateModified\":\"2021-10-01T08:13:17+00:00\",\"breadcrumb\":{\"@id\":\"https:\/\/teilafabrika.eus\/teila-fabrika\/#breadcrumb\"},\"inLanguage\":\"es\",\"potentialAction\":[{\"@type\":\"ReadAction\",\"target\":[\"https:\/\/teilafabrika.eus\/teila-fabrika\/\"]}]},{\"@type\":\"BreadcrumbList\",\"@id\":\"https:\/\/teilafabrika.eus\/teila-fabrika\/#breadcrumb\",\"itemListElement\":[{\"@type\":\"ListItem\",\"position\":1,\"name\":\"Home\",\"item\":\"https:\/\/teilafabrika.eus\/es\/\"},{\"@type\":\"ListItem\",\"position\":2,\"name\":\"TEILA FABRIKA\"}]},{\"@type\":\"WebSite\",\"@id\":\"https:\/\/teilafabrika.eus\/#website\",\"url\":\"https:\/\/teilafabrika.eus\/\",\"name\":\"Teila Fabrika\",\"description\":\"Elkarlanean ekiteko eta konektatzeko coworking espazioa\",\"publisher\":{\"@id\":\"https:\/\/teilafabrika.eus\/#organization\"},\"potentialAction\":[{\"@type\":\"SearchAction\",\"target\":{\"@type\":\"EntryPoint\",\"urlTemplate\":\"https:\/\/teilafabrika.eus\/?s={search_term_string}\"},\"query-input\":{\"@type\":\"PropertyValueSpecification\",\"valueRequired\":true,\"valueName\":\"search_term_string\"}}],\"inLanguage\":\"es\"},{\"@type\":\"Organization\",\"@id\":\"https:\/\/teilafabrika.eus\/#organization\",\"name\":\"Teila Fabrika\",\"url\":\"https:\/\/teilafabrika.eus\/\",\"logo\":{\"@type\":\"ImageObject\",\"inLanguage\":\"es\",\"@id\":\"https:\/\/teilafabrika.eus\/#\/schema\/logo\/image\/\",\"url\":\"https:\/\/teilafabrika.eus\/wp-content\/uploads\/2020\/11\/Teila-fabrika-egia-coworking.png\",\"contentUrl\":\"https:\/\/teilafabrika.eus\/wp-content\/uploads\/2020\/11\/Teila-fabrika-egia-coworking.png\",\"width\":315,\"height\":154,\"caption\":\"Teila Fabrika\"},\"image\":{\"@id\":\"https:\/\/teilafabrika.eus\/#\/schema\/logo\/image\/\"}}]}<\/script>\n<!-- \/ Yoast SEO plugin. -->","yoast_head_json":{"title":"TEILA FABRIKA - Teila Fabrika","robots":{"index":"index","follow":"follow","max-snippet":"max-snippet:-1","max-image-preview":"max-image-preview:large","max-video-preview":"max-video-preview:-1"},"canonical":"https:\/\/teilafabrika.eus\/teila-fabrika\/","og_locale":"es_ES","og_type":"article","og_title":"TEILA FABRIKA - Teila Fabrika","og_description":"Debemos nuestro nombre a la antigua F\u00e1brica de Tejas de Egia. La \"F\u00e1brica de Tejas y Ladrillos S.A.\", se inaugur\u00f3 en 1903 y era un edificio con una chimenea de 40 metros situado en la calle Tejer\u00eda. Cerca de 40 personas procedentes principalmente de Astigarraga fabricaban tejas planas y ladrillos, hasta su cierre en 1936. [&hellip;]","og_url":"https:\/\/teilafabrika.eus\/teila-fabrika\/","og_site_name":"Teila Fabrika","article_modified_time":"2021-10-01T08:13:17+00:00","twitter_card":"summary_large_image","twitter_misc":{"Tiempo de lectura":"7 minutos"},"schema":{"@context":"https:\/\/schema.org","@graph":[{"@type":"WebPage","@id":"https:\/\/teilafabrika.eus\/teila-fabrika\/","url":"https:\/\/teilafabrika.eus\/teila-fabrika\/","name":"TEILA FABRIKA - Teila Fabrika","isPartOf":{"@id":"https:\/\/teilafabrika.eus\/#website"},"datePublished":"2021-07-27T10:04:55+00:00","dateModified":"2021-10-01T08:13:17+00:00","breadcrumb":{"@id":"https:\/\/teilafabrika.eus\/teila-fabrika\/#breadcrumb"},"inLanguage":"es","potentialAction":[{"@type":"ReadAction","target":["https:\/\/teilafabrika.eus\/teila-fabrika\/"]}]},{"@type":"BreadcrumbList","@id":"https:\/\/teilafabrika.eus\/teila-fabrika\/#breadcrumb","itemListElement":[{"@type":"ListItem","position":1,"name":"Home","item":"https:\/\/teilafabrika.eus\/es\/"},{"@type":"ListItem","position":2,"name":"TEILA FABRIKA"}]},{"@type":"WebSite","@id":"https:\/\/teilafabrika.eus\/#website","url":"https:\/\/teilafabrika.eus\/","name":"Teila Fabrika","description":"Elkarlanean ekiteko eta konektatzeko coworking espazioa","publisher":{"@id":"https:\/\/teilafabrika.eus\/#organization"},"potentialAction":[{"@type":"SearchAction","target":{"@type":"EntryPoint","urlTemplate":"https:\/\/teilafabrika.eus\/?s={search_term_string}"},"query-input":{"@type":"PropertyValueSpecification","valueRequired":true,"valueName":"search_term_string"}}],"inLanguage":"es"},{"@type":"Organization","@id":"https:\/\/teilafabrika.eus\/#organization","name":"Teila Fabrika","url":"https:\/\/teilafabrika.eus\/","logo":{"@type":"ImageObject","inLanguage":"es","@id":"https:\/\/teilafabrika.eus\/#\/schema\/logo\/image\/","url":"https:\/\/teilafabrika.eus\/wp-content\/uploads\/2020\/11\/Teila-fabrika-egia-coworking.png","contentUrl":"https:\/\/teilafabrika.eus\/wp-content\/uploads\/2020\/11\/Teila-fabrika-egia-coworking.png","width":315,"height":154,"caption":"Teila Fabrika"},"image":{"@id":"https:\/\/teilafabrika.eus\/#\/schema\/logo\/image\/"}}]}},"_links":{"self":[{"href":"https:\/\/teilafabrika.eus\/es\/wp-json\/wp\/v2\/pages\/1860","targetHints":{"allow":["GET"]}}],"collection":[{"href":"https:\/\/teilafabrika.eus\/es\/wp-json\/wp\/v2\/pages"}],"about":[{"href":"https:\/\/teilafabrika.eus\/es\/wp-json\/wp\/v2\/types\/page"}],"author":[{"embeddable":true,"href":"https:\/\/teilafabrika.eus\/es\/wp-json\/wp\/v2\/users\/1"}],"replies":[{"embeddable":true,"href":"https:\/\/teilafabrika.eus\/es\/wp-json\/wp\/v2\/comments?post=1860"}],"version-history":[{"count":13,"href":"https:\/\/teilafabrika.eus\/es\/wp-json\/wp\/v2\/pages\/1860\/revisions"}],"predecessor-version":[{"id":2595,"href":"https:\/\/teilafabrika.eus\/es\/wp-json\/wp\/v2\/pages\/1860\/revisions\/2595"}],"wp:attachment":[{"href":"https:\/\/teilafabrika.eus\/es\/wp-json\/wp\/v2\/media?parent=1860"}],"curies":[{"name":"wp","href":"https:\/\/api.w.org\/{rel}","templated":true}]}}