{"id":2264,"date":"2021-07-28T19:22:39","date_gmt":"2021-07-28T18:22:39","guid":{"rendered":"https:\/\/teilafabrika.eus\/politica-de-cookies\/"},"modified":"2021-07-28T19:22:41","modified_gmt":"2021-07-28T18:22:41","slug":"politica-de-cookies","status":"publish","type":"page","link":"https:\/\/teilafabrika.eus\/es\/politica-de-cookies\/","title":{"rendered":"Pol\u00edtica de cookies"},"content":{"rendered":"<p>[et_pb_section fb_built=\u00bb1&#8243; _builder_version=\u00bb4.5.1&#8243; _module_preset=\u00bbdefault\u00bb background_image=\u00bbhttps:\/\/teilafabrika.eus\/wp-content\/uploads\/2020\/07\/Lan-egiteko-espazioa-Fondoa-gris-ilunez-txikia.jpg\u00bb][et_pb_row _builder_version=\u00bb4.5.1&#8243; _module_preset=\u00bbdefault\u00bb][et_pb_column type=\u00bb4_4&#8243; _builder_version=\u00bb4.5.1&#8243; _module_preset=\u00bbdefault\u00bb][et_pb_text _builder_version=\u00bb4.5.1&#8243; _module_preset=\u00bbdefault\u00bb header_text_align=\u00bbcenter\u00bb header_text_color=\u00bb#ffffff\u00bb]<\/p>\n<h1>POL\u00cdTICA DE COOKIES<\/h1>\n<p>[\/et_pb_text][\/et_pb_column][\/et_pb_row][\/et_pb_section][et_pb_section fb_built=\u00bb1&#8243; _builder_version=\u00bb4.5.1&#8243; _module_preset=\u00bbdefault\u00bb][et_pb_row _builder_version=\u00bb4.5.1&#8243; _module_preset=\u00bbdefault\u00bb][et_pb_column type=\u00bb4_4&#8243; _builder_version=\u00bb4.5.1&#8243; _module_preset=\u00bbdefault\u00bb][et_pb_text _builder_version=\u00bb4.9.10&#8243; _module_preset=\u00bbdefault\u00bb text_font=\u00bb|300|||||||\u00bb hover_enabled=\u00bb0&#8243; sticky_enabled=\u00bb0&#8243;]<\/p>\n<p><b> POL\u00cdTICA DE COOKIES<\/b><\/p>\n<p>El Real Decreto-ley 13\/2012, del 30 de marzo, dispone hasta qu\u00e9 punto debe detallarse informaci\u00f3n sobre las cookies, por lo que, para su cumplimiento, en esta p\u00e1gina se informa sobre la pol\u00edtica de cookies de la web teilafabrika.eus. Una cookie es un fichero que se descarga en el ordenador al acceder a determinadas p\u00e1ginas web. Las cookies permiten a una p\u00e1gina web, entre otras cosas, almacenar y recuperar informaci\u00f3n sobre los h\u00e1bitos de navegaci\u00f3n de una persona usuaria o de su equipo y, dependiendo de la informaci\u00f3n que contengan y de la forma en que utilice su equipo, pueden utilizarse para reconocer a la persona usuaria.\n<\/p>\n<p><b>Tipos de cookies que utiliza este sitio web:<\/b><\/p>\n<p>Nuestro sitio web utiliza tanto cookies propias como de terceros. Las cookies de terceros que utiliza teilafabrika.eus son las cookies de an\u00e1lisis de Google Analytics; no se utilizan cookies de publicidad ni relacionadas con publicidad comportamental.\n<\/p>\n<p>Cookies de an\u00e1lisis son aquellas que permiten cuantificar el n\u00famero de personas usuarias y as\u00ed realizar la medici\u00f3n y an\u00e1lisis estad\u00edstico de la utilizaci\u00f3n del servicio web. teilafabrika.eus analiza la navegaci\u00f3n en la p\u00e1gina web, con el fin de mejorar la oferta de servicios.\n<\/p>\n<p>Cookies propias son aquellas que la propia web env\u00eda al equipo de la persona usuaria desde un equipo o dominio gestionado por ella y desde el que se presta el servicio solicitado por la persona usuaria. Dichas cookies no est\u00e1n incluidas en el \u00e1mbito de aplicaci\u00f3n del art\u00edculo 22.2 de la Ley de Servicios de la Sociedad de la Informaci\u00f3n, por lo que no es necesario informar sobre ellas o solicitar permiso para su utilizaci\u00f3n.\n<\/p>\n<p><b>Informaci\u00f3n sobre la desactivaci\u00f3n o eliminaci\u00f3n de las cookies<br \/>\n<\/b><\/p>\n<p>Puede usted permitir, bloquear o eliminar las cookies instaladas en su equipo mediante la configuraci\u00f3n de las opciones del navegador instalado en su ordenador:\n<\/p>\n<ul>\n<li><a href=\"http:\/\/windows.microsoft.com\/es-es\/internet-explorer\/delete-manage-cookies#ie=ie-9\"> Informaci\u00f3n sobre las cookies en Internet Explorer. <\/a>.<\/li>\n<li><a href=\"https:\/\/support.google.com\/chrome\/answer\/95647?hl=es\"> Informaci\u00f3n sobre las cookies en Google Chrome. <\/a>.<\/li>\n<li><a href=\"https:\/\/support.mozilla.org\/es\/kb\/habilitar-y-deshabilitar-cookies-sitios-web-rastrear-preferencias\"> Informaci\u00f3n sobre las cookies en Mozilla Firefox. <\/a>.<\/li>\n<li><a href=\"http:\/\/www.apple.com\/es\/privacy\/use-of-cookies\/\"> Informaci\u00f3n sobre las cookies en Safari. <\/a>.<\/li>\n<\/ul>\n<p>Si la persona usuaria desea invalidar la cookie de an\u00e1lisis de este sitio web, puede utilizar los sistemas de exclusi\u00f3n facilitados por Google Analytics.\n<\/p>\n<p>[\/et_pb_text][\/et_pb_column][\/et_pb_row][\/et_pb_section]<\/p>\n","protected":false},"excerpt":{"rendered":"<p>POL\u00cdTICA DE COOKIES POL\u00cdTICA DE COOKIES El Real Decreto-ley 13\/2012, del 30 de marzo, dispone hasta qu\u00e9 punto debe detallarse informaci\u00f3n sobre las cookies, por lo que, para su cumplimiento, en esta p\u00e1gina se informa sobre la pol\u00edtica de cookies de la web teilafabrika.eus. Una cookie es un fichero que se descarga en el ordenador [&hellip;]<\/p>\n","protected":false},"author":1,"featured_media":0,"parent":0,"menu_order":0,"comment_status":"closed","ping_status":"closed","template":"","meta":{"_et_pb_use_builder":"on","_et_pb_old_content":"","_et_gb_content_width":"","footnotes":""},"class_list":["post-2264","page","type-page","status-publish","hentry"],"yoast_head":"<!-- This site is optimized with the Yoast SEO plugin v27.2 - https:\/\/yoast.com\/product\/yoast-seo-wordpress\/ -->\n<title>Pol\u00edtica de cookies - Teila Fabrika<\/title>\n<meta name=\"robots\" content=\"index, follow, max-snippet:-1, max-image-preview:large, max-video-preview:-1\" \/>\n<link rel=\"canonical\" href=\"https:\/\/teilafabrika.eus\/cookien-politika\/\" \/>\n<meta property=\"og:locale\" content=\"es_ES\" \/>\n<meta property=\"og:type\" content=\"article\" \/>\n<meta property=\"og:title\" content=\"Pol\u00edtica de cookies - Teila Fabrika\" \/>\n<meta property=\"og:description\" content=\"POL\u00cdTICA DE COOKIES POL\u00cdTICA DE COOKIES El Real Decreto-ley 13\/2012, del 30 de marzo, dispone hasta qu\u00e9 punto debe detallarse informaci\u00f3n sobre las cookies, por lo que, para su cumplimiento, en esta p\u00e1gina se informa sobre la pol\u00edtica de cookies de la web teilafabrika.eus. Una cookie es un fichero que se descarga en el ordenador [&hellip;]\" \/>\n<meta property=\"og:url\" content=\"https:\/\/teilafabrika.eus\/cookien-politika\/\" \/>\n<meta property=\"og:site_name\" content=\"Teila Fabrika\" \/>\n<meta property=\"article:modified_time\" content=\"2021-07-28T18:22:41+00:00\" \/>\n<meta name=\"twitter:card\" content=\"summary_large_image\" \/>\n<meta name=\"twitter:label1\" content=\"Tiempo de lectura\" \/>\n\t<meta name=\"twitter:data1\" content=\"3 minutos\" \/>\n<script type=\"application\/ld+json\" class=\"yoast-schema-graph\">{\"@context\":\"https:\/\/schema.org\",\"@graph\":[{\"@type\":\"WebPage\",\"@id\":\"https:\/\/teilafabrika.eus\/cookien-politika\/\",\"url\":\"https:\/\/teilafabrika.eus\/cookien-politika\/\",\"name\":\"Pol\u00edtica de cookies - Teila Fabrika\",\"isPartOf\":{\"@id\":\"https:\/\/teilafabrika.eus\/#website\"},\"datePublished\":\"2021-07-28T18:22:39+00:00\",\"dateModified\":\"2021-07-28T18:22:41+00:00\",\"breadcrumb\":{\"@id\":\"https:\/\/teilafabrika.eus\/cookien-politika\/#breadcrumb\"},\"inLanguage\":\"es\",\"potentialAction\":[{\"@type\":\"ReadAction\",\"target\":[\"https:\/\/teilafabrika.eus\/cookien-politika\/\"]}]},{\"@type\":\"BreadcrumbList\",\"@id\":\"https:\/\/teilafabrika.eus\/cookien-politika\/#breadcrumb\",\"itemListElement\":[{\"@type\":\"ListItem\",\"position\":1,\"name\":\"Home\",\"item\":\"https:\/\/teilafabrika.eus\/es\/\"},{\"@type\":\"ListItem\",\"position\":2,\"name\":\"Pol\u00edtica de cookies\"}]},{\"@type\":\"WebSite\",\"@id\":\"https:\/\/teilafabrika.eus\/#website\",\"url\":\"https:\/\/teilafabrika.eus\/\",\"name\":\"Teila Fabrika\",\"description\":\"Elkarlanean ekiteko eta konektatzeko coworking espazioa\",\"publisher\":{\"@id\":\"https:\/\/teilafabrika.eus\/#organization\"},\"potentialAction\":[{\"@type\":\"SearchAction\",\"target\":{\"@type\":\"EntryPoint\",\"urlTemplate\":\"https:\/\/teilafabrika.eus\/?s={search_term_string}\"},\"query-input\":{\"@type\":\"PropertyValueSpecification\",\"valueRequired\":true,\"valueName\":\"search_term_string\"}}],\"inLanguage\":\"es\"},{\"@type\":\"Organization\",\"@id\":\"https:\/\/teilafabrika.eus\/#organization\",\"name\":\"Teila Fabrika\",\"url\":\"https:\/\/teilafabrika.eus\/\",\"logo\":{\"@type\":\"ImageObject\",\"inLanguage\":\"es\",\"@id\":\"https:\/\/teilafabrika.eus\/#\/schema\/logo\/image\/\",\"url\":\"https:\/\/teilafabrika.eus\/wp-content\/uploads\/2020\/11\/Teila-fabrika-egia-coworking.png\",\"contentUrl\":\"https:\/\/teilafabrika.eus\/wp-content\/uploads\/2020\/11\/Teila-fabrika-egia-coworking.png\",\"width\":315,\"height\":154,\"caption\":\"Teila Fabrika\"},\"image\":{\"@id\":\"https:\/\/teilafabrika.eus\/#\/schema\/logo\/image\/\"}}]}<\/script>\n<!-- \/ Yoast SEO plugin. -->","yoast_head_json":{"title":"Pol\u00edtica de cookies - Teila Fabrika","robots":{"index":"index","follow":"follow","max-snippet":"max-snippet:-1","max-image-preview":"max-image-preview:large","max-video-preview":"max-video-preview:-1"},"canonical":"https:\/\/teilafabrika.eus\/cookien-politika\/","og_locale":"es_ES","og_type":"article","og_title":"Pol\u00edtica de cookies - Teila Fabrika","og_description":"POL\u00cdTICA DE COOKIES POL\u00cdTICA DE COOKIES El Real Decreto-ley 13\/2012, del 30 de marzo, dispone hasta qu\u00e9 punto debe detallarse informaci\u00f3n sobre las cookies, por lo que, para su cumplimiento, en esta p\u00e1gina se informa sobre la pol\u00edtica de cookies de la web teilafabrika.eus. Una cookie es un fichero que se descarga en el ordenador [&hellip;]","og_url":"https:\/\/teilafabrika.eus\/cookien-politika\/","og_site_name":"Teila Fabrika","article_modified_time":"2021-07-28T18:22:41+00:00","twitter_card":"summary_large_image","twitter_misc":{"Tiempo de lectura":"3 minutos"},"schema":{"@context":"https:\/\/schema.org","@graph":[{"@type":"WebPage","@id":"https:\/\/teilafabrika.eus\/cookien-politika\/","url":"https:\/\/teilafabrika.eus\/cookien-politika\/","name":"Pol\u00edtica de cookies - Teila Fabrika","isPartOf":{"@id":"https:\/\/teilafabrika.eus\/#website"},"datePublished":"2021-07-28T18:22:39+00:00","dateModified":"2021-07-28T18:22:41+00:00","breadcrumb":{"@id":"https:\/\/teilafabrika.eus\/cookien-politika\/#breadcrumb"},"inLanguage":"es","potentialAction":[{"@type":"ReadAction","target":["https:\/\/teilafabrika.eus\/cookien-politika\/"]}]},{"@type":"BreadcrumbList","@id":"https:\/\/teilafabrika.eus\/cookien-politika\/#breadcrumb","itemListElement":[{"@type":"ListItem","position":1,"name":"Home","item":"https:\/\/teilafabrika.eus\/es\/"},{"@type":"ListItem","position":2,"name":"Pol\u00edtica de cookies"}]},{"@type":"WebSite","@id":"https:\/\/teilafabrika.eus\/#website","url":"https:\/\/teilafabrika.eus\/","name":"Teila Fabrika","description":"Elkarlanean ekiteko eta konektatzeko coworking espazioa","publisher":{"@id":"https:\/\/teilafabrika.eus\/#organization"},"potentialAction":[{"@type":"SearchAction","target":{"@type":"EntryPoint","urlTemplate":"https:\/\/teilafabrika.eus\/?s={search_term_string}"},"query-input":{"@type":"PropertyValueSpecification","valueRequired":true,"valueName":"search_term_string"}}],"inLanguage":"es"},{"@type":"Organization","@id":"https:\/\/teilafabrika.eus\/#organization","name":"Teila Fabrika","url":"https:\/\/teilafabrika.eus\/","logo":{"@type":"ImageObject","inLanguage":"es","@id":"https:\/\/teilafabrika.eus\/#\/schema\/logo\/image\/","url":"https:\/\/teilafabrika.eus\/wp-content\/uploads\/2020\/11\/Teila-fabrika-egia-coworking.png","contentUrl":"https:\/\/teilafabrika.eus\/wp-content\/uploads\/2020\/11\/Teila-fabrika-egia-coworking.png","width":315,"height":154,"caption":"Teila Fabrika"},"image":{"@id":"https:\/\/teilafabrika.eus\/#\/schema\/logo\/image\/"}}]}},"_links":{"self":[{"href":"https:\/\/teilafabrika.eus\/es\/wp-json\/wp\/v2\/pages\/2264","targetHints":{"allow":["GET"]}}],"collection":[{"href":"https:\/\/teilafabrika.eus\/es\/wp-json\/wp\/v2\/pages"}],"about":[{"href":"https:\/\/teilafabrika.eus\/es\/wp-json\/wp\/v2\/types\/page"}],"author":[{"embeddable":true,"href":"https:\/\/teilafabrika.eus\/es\/wp-json\/wp\/v2\/users\/1"}],"replies":[{"embeddable":true,"href":"https:\/\/teilafabrika.eus\/es\/wp-json\/wp\/v2\/comments?post=2264"}],"version-history":[{"count":2,"href":"https:\/\/teilafabrika.eus\/es\/wp-json\/wp\/v2\/pages\/2264\/revisions"}],"predecessor-version":[{"id":2266,"href":"https:\/\/teilafabrika.eus\/es\/wp-json\/wp\/v2\/pages\/2264\/revisions\/2266"}],"wp:attachment":[{"href":"https:\/\/teilafabrika.eus\/es\/wp-json\/wp\/v2\/media?parent=2264"}],"curies":[{"name":"wp","href":"https:\/\/api.w.org\/{rel}","templated":true}]}}