{"id":3278,"date":"2021-12-28T11:45:33","date_gmt":"2021-12-28T10:45:33","guid":{"rendered":"https:\/\/teilafabrika.eus\/normas-y-condiciones-de-uso-del-espacio-teila-fabrika\/"},"modified":"2021-12-28T16:22:56","modified_gmt":"2021-12-28T15:22:56","slug":"normas-y-condiciones-de-uso-del-espacio-teila-fabrika","status":"publish","type":"page","link":"https:\/\/teilafabrika.eus\/es\/normas-y-condiciones-de-uso-del-espacio-teila-fabrika\/","title":{"rendered":"Normas y condiciones de uso del espacio Teila Fabrika"},"content":{"rendered":"<p>[et_pb_section fb_built=\u00bb1&#8243; _builder_version=\u00bb4.5.1&#8243; _module_preset=\u00bbdefault\u00bb background_image=\u00bbhttps:\/\/teilafabrika.eus\/wp-content\/uploads\/2020\/07\/Lan-egiteko-espazioa-Fondoa-gris-ilunez-txikia.jpg\u00bb global_colors_info=\u00bb{}\u00bb][et_pb_row _builder_version=\u00bb4.5.1&#8243; _module_preset=\u00bbdefault\u00bb global_colors_info=\u00bb{}\u00bb][et_pb_column type=\u00bb4_4&#8243; _builder_version=\u00bb4.5.1&#8243; _module_preset=\u00bbdefault\u00bb global_colors_info=\u00bb{}\u00bb][et_pb_text _builder_version=\u00bb4.11.3&#8243; _module_preset=\u00bbdefault\u00bb header_text_align=\u00bbcenter\u00bb header_text_color=\u00bb#ffffff\u00bb hover_enabled=\u00bb0&#8243; global_colors_info=\u00bb{}\u00bb sticky_enabled=\u00bb0&#8243; header_font=\u00bb|||on|||||\u00bb]<\/p>\n<h1>Normas y condiciones de uso del espacio Teila Fabrika<\/h1>\n<p>[\/et_pb_text][\/et_pb_column][\/et_pb_row][\/et_pb_section][et_pb_section fb_built=\u00bb1&#8243; _builder_version=\u00bb4.5.1&#8243; _module_preset=\u00bbdefault\u00bb global_colors_info=\u00bb{}\u00bb][et_pb_row _builder_version=\u00bb4.5.1&#8243; _module_preset=\u00bbdefault\u00bb global_colors_info=\u00bb{}\u00bb][et_pb_column type=\u00bb4_4&#8243; _builder_version=\u00bb4.5.1&#8243; _module_preset=\u00bbdefault\u00bb global_colors_info=\u00bb{}\u00bb][et_pb_text _builder_version=\u00bb4.9.4&#8243; _module_preset=\u00bbdefault\u00bb text_font=\u00bb|300|||||||\u00bb global_colors_info=\u00bb{}\u00bb]<\/p>\n<p><strong>NORMAS Y CONDICIONES DE USO DEL ESPACIO TEILA FABRIKA<\/strong><\/p>\n<p><strong>T\u00c9RMINOS DE USO <\/strong><\/p>\n<p>Los servicios que el espacio de trabajo TEILA FABRIKA proporciona est\u00e1n sujetos a los siguientes t\u00e9rminos y condiciones y se reserva la facultad de interpretar las presentes normas, que podr\u00e1n ser objeto de posteriores modificaciones que ser\u00e1n comunicadas. Cualquier cuesti\u00f3n no prevista en estas normas, por extraordinaria o inusual, ser\u00e1 resuelta por Olatu-Horma SLU. <\/p>\n<p>Para garantizar el buen funcionamiento del espacio, las normas aqu\u00ed referidas son de cumplimiento obligatorio para las personas usuarias. En este sentido, la persona solicitante de los servicios de TEILA FABRIKA se compromete al cumplimiento, por todas las personas que formen parte de su actividad, de lo siguiente: <\/p>\n<p>* Normativa en materia de seguridad e higiene<br \/>\n* Horario contratado de uso<br \/>\n* Normas de uso y funcionamiento<\/p>\n<p><strong>HORARIO DE ACCESO A LAS INSTALACIONES<\/strong><\/p>\n<p>Atenci\u00f3n al p\u00fablico: 10:00 \u2013 14:00 de lunes a viernes.<br \/>\nHorario habitual de acceso: 08:30 a 20:30 h, de lunes a viernes. Se podr\u00e1 acceder a las salas polivalentes fuera del horario habitual, bajo demanda y disponibilidad.<br \/>\nAcceso 24\/7 seg\u00fan modalidad contratada.<br \/>\nSe podr\u00e1n modificar los horarios establecidos, previa notificaci\u00f3n. <\/p>\n<p>Olatu-Horma SLU se reserva el derecho de admisi\u00f3n si se presentan signos de embriaguez, actitud violenta u ofensiva. <\/p>\n<p><strong>PERSONAL DEL ESPACIO<\/strong><br \/>\nEl personal del espacio estar\u00e1 para atenci\u00f3n de las personas usuarias en todos los aspectos relacionados con el uso y la actividad que se desarrolla en el mismo. Se debe recurrir a ellas para consultar todo lo necesario al respecto o para cualquier solicitud no contemplada en esta normativa.<\/p>\n<p><strong>DIN\u00c1MICA DE USO Y CONDICIONES GENERALES <\/strong><\/p>\n<p>En TEILA FABRIKA apelamos al sentido com\u00fan: s\u00e9 amable y respetuoso con tus compa\u00f1eras y compa\u00f1eros. Respeta a los dem\u00e1s y sus diferencias.<\/p>\n<p>1. Todas las personas usuarias har\u00e1n un uso responsable y respetuoso de las instalaciones.<\/p>\n<p>2. Las personas usuarias de Teila Fabrika mantendr\u00e1n las puertas de acceso cerradas para preservar una actividad adecuada.<\/p>\n<p>3. Cualquier modificaci\u00f3n, transformaci\u00f3n o marcaje del espacio deber\u00e1 ser autorizada por Teila Fabrika, y en este caso ser\u00e1 siempre de car\u00e1cter provisional y temporal, no pudi\u00e9ndose utilizar elementos que impliquen fijaciones en paredes, suelos o techos.<\/p>\n<p>4. Olatu-Horma SLU realizar\u00e1 la limpieza del espacio, pero se exigir\u00e1 a las personas usuarias un correcto comportamiento.<\/p>\n<p>5. Olatu-Horma SLU no se hace responsable de las pertenencias personales de las personas usuarias.<\/p>\n<p>6. No se podr\u00e1 utilizar la red para fines distintos a los laborales. Se proh\u00edbe expresamente el uso de la red con otros fines (descarga de m\u00fasica, v\u00eddeo\u2026). Las personas usuarias har\u00e1n un uso racional de la red que comparten y no la usar\u00e1n para fines ilegales o con usos que puedan provocar el colapso de la misma.<\/p>\n<p>7. Est\u00e1 prohibido comer, guardar comida o consumir bebidas alcoh\u00f3licas en las zonas de trabajo (salvo eventos autorizados).<\/p>\n<p>8. No se admiten animales de compa\u00f1\u00eda (excepto perros-gu\u00eda).<\/p>\n<p>9. En caso de disputa o diferencia entre dos o m\u00e1s personas usuarias, una persona responsable de Olatu-Horma SLU ejercer\u00e1 de mediadora en la disputa, y las personas implicadas se comprometen a aceptar su decisi\u00f3n, la persona usuaria que no acepte la decisi\u00f3n tomada podr\u00e1 verse expulsada de TEILA FABRIKA sin derecho de apelar la decisi\u00f3n y sin compensaci\u00f3n alguna de ning\u00fan tipo.<\/p>\n<p>10. El uso de los servicios es nominal e intransferible, no est\u00e1 permitido ceder a una persona no autorizada el servicio ni los recursos contratados.<\/p>\n<p>11. Finalizado el servicio por cualquier causa, las personas usuarias tienen la obligaci\u00f3n de efectuar el cambio de domicilio social y retirar todas sus pertenencias. En este sentido, transcurridos 2 meses desde la finalizaci\u00f3n del servicio Olatu-Horma SLU proceder\u00e1 a su destrucci\u00f3n. De la misma manera, deber\u00e1n entregar en buen estado los recursos cedidos (llaves, muebles\u2026)<\/p>\n<p>12. Toda entidad o persona organizadora de eventos asumir\u00e1 cuantas responsabilidades de orden civil, penal, administrativo, laboral, tributario o de cualquier \u00edndole, se le puedan exigir y tomar\u00e1 a su cargo exclusivo las indemnizaciones de da\u00f1os y perjuicios derivados de su responsabilidad con absoluta y total indemnidad de Olatu-Horma SLU.<\/p>\n<p><strong>RESPONSABILIDAD SOBRE LA CONSERVACI\u00d3N DE MOBILIARIO E INSTALACIONES <\/strong><\/p>\n<p>En caso de que se observe una deficiencia debida al mal uso o negligencia de alguna persona usuaria, se proceder\u00e1 a su reparaci\u00f3n y el coste ser\u00e1 repercutido a la persona causante del da\u00f1o.<\/p>\n<p><strong>PLAN DE EMERGENCIA <\/strong><\/p>\n<p>Las personas usuarias del espacio deber\u00e1n seguir las medidas de seguridad y emergencia de TEILA FABRIKA.<\/p>\n<p><strong>NOTIFICACI\u00d3N DE INCIDENCIAS <\/strong><\/p>\n<p>Es obligaci\u00f3n de todas las personas usuarias del espacio TEILA FABRIKA comunicar cualquier aver\u00eda o deficiencia que se produzca en el espacio. De la misma manera, en caso de p\u00e9rdida de la llave de acceso al espacio, las personas usuarias deber\u00e1n avisar inmediatamente a las personas responsables de TEILA FABRIKA.<\/p>\n<p><strong>LIMITACI\u00d3N DE RESPONSABILIDAD <\/strong><\/p>\n<p>Olatu-Horma SLU quedar\u00e1 exento de responsabilidad en cualquier campo (jur\u00eddico, econ\u00f3mico, social o de otro tipo) relacionado con las personas que utilizan sus instalaciones. La actividad de cada persona usuaria es propia y en ning\u00fan caso implica a Olatu-Horma SLU. Est\u00e1n prohibidas la realizaci\u00f3n de actividades ilegales, contrarias al orden p\u00fablico o de dudosa legalidad, que empresas, particulares u otros puedan realizar en sus instalaciones siendo causa esta situaci\u00f3n de resoluci\u00f3n de contrato, reserv\u00e1ndose TEILA FABRIKA el derecho a emprender acciones legales contra el o los y las responsables de dichas actividades. Su responsabilidad \u00fanicamente recae en la cesi\u00f3n de uno o varios espacios de trabajo. La recogida correspondencia dirigida a las personas usuarias no supondr\u00e1 en ning\u00fan caso, responsabilidad alguna por parte de Olatu-Horma SLU. En este sentido, Olatu-Horma SLU no ser\u00e1 responsable del elemento recibido, ni de su contenido, ni de su legalidad, actuando exclusivamente como receptor excepcional, en nombre de la persona receptora final, otorgando esta \u00faltima su consentimiento para que un responsable de Olatu-Horma SLU realice esa labor.<\/p>\n<p><strong>CONDICIONES DE RESERVA Y PAGO <\/strong><\/p>\n<p>La reserva de los espacios de trabajo de TEILA FABRIKA se puede realizar presencialmente, por tel\u00e9fono o e-mail conforme al siguiente procedimiento:<\/p>\n<p>1. Una vez comprobada la disponibilidad del espacio y\/o servicio, la persona solicitante deber\u00e1 entregar la hoja de solicitud cumplimentada.<\/p>\n<p>2. El pago del servicio solicitado deber\u00e1 ser abonado en su totalidad 24 horas antes de la actividad contratada.<\/p>\n<p>3. Si la cantidad a abonar supera los 100 euros o la reserva se realiza con una antelaci\u00f3n de un mes o m\u00e1s (30 d\u00edas) se deber\u00e1 realizar el abono del 40% del total para dar por formalizada la reserva. La persona interesada podr\u00e1 tambi\u00e9n abonar el importe total en este momento.<\/p>\n<p>4. Los gastos extras al servicio contratado (material u horario) se facturar\u00e1n una vez finalizado el servicio, en el plazo de 30 d\u00edas.<\/p>\n<p>5. De no realizarse el pago total del servicio solicitado, la persona solicitante perder\u00e1 el primer pago realizado y el derecho a utilizar el espacio y servicios de TEILA FABRIKA.<\/p>\n<p>6. En caso de anulaci\u00f3n de la reserva, el dinero abonado se devolver\u00e1 en las siguientes condiciones:<\/p>\n<p>El 100%, siempre que la anulaci\u00f3n se efect\u00fae con un mes de antelaci\u00f3n a la fecha de la reserva (30 d\u00edas)<\/p>\n<p>El 50%, si la anulaci\u00f3n se realiza con una semana de antelaci\u00f3n (7 d\u00edas)<\/p>\n<p>La reserva no se devolver\u00e1 si la anulaci\u00f3n se realiza con plazo de 24 horas o inferior a la fecha de la reservar.<\/p>\n<p>La persona usuaria respetar\u00e1 el horario acordado para realizar el evento, para que no influya en posteriores reservas. Si no es as\u00ed, la persona usuaria no tendr\u00e1 derecho a cambios ni devoluci\u00f3n del dinero depositado.<\/p>\n<p><strong>SERVICIO DE CESI\u00d3N DEL ESPACIO <\/strong><\/p>\n<p>Teila Fabrika est\u00e1 abierto al barrio de Egia y a la comunidad en general, para poder llevar adelante diferentes actividades, de forma gratuita. Condiciones generales:<\/p>\n<p>1. Podr\u00e1n solicitar la utilizaci\u00f3n del espacio personas f\u00edsicas, colectivos o asociaciones para la realizaci\u00f3n de actividades de car\u00e1cter social, cultural o deportivo, y cuyo \u00e1mbito de incidencia sea como m\u00ednimo el propio barrio de Egia.<\/p>\n<p>2. Los actos que se realicen deber\u00e1n ser gratuitos y abiertos al p\u00fablico, salvo excepciones justificadas que deber\u00e1n ser autorizadas previamente.<\/p>\n<p>3. Se considerar\u00e1n como prioritarias las actividades culturales, art\u00edsticas, educativas, socioculturales y l\u00fadicas.<\/p>\n<p>4. La autorizaci\u00f3n de utilizaci\u00f3n supone un uso puntual del espacio y del equipamiento autorizado, quedando excluidos el resto de recursos de Teila Fabrika. Teila Fabrika podr\u00e1 facilitar otros servicios con un coste adicional (servicio de impresi\u00f3n, catering,\u2026). La persona o entidad solicitante no podr\u00e1 disponer de espacios privados en el interior de Teila Fabrika ni puede constituir Teila Fabrika como sede social.<\/p>\n<p>5. La persona solicitante se compromete al cumplimiento, por todas las personas que formen parte de su actividad, de las presentes normas de uso del espacio Teila Fabrika.<\/p>\n<p>6. La persona o entidad solicitante se har\u00e1 cargo de los da\u00f1os originados por uso inadecuado y, en funci\u00f3n de la gravedad del problema ocasionado, se denegar\u00e1 el acceso.<\/p>\n<p>7. Teila Fabrika aparecer\u00e1 como colaborador en toda la publicidad que se realice con motivo de la utilizaci\u00f3n que se autoriza.<\/p>\n<p>8. Las actividades que se vayan a realizar deber\u00e1n ajustarse a los horarios autorizados. <\/p>\n<p>Solicitudes:<br \/>\n1.Para la autorizaci\u00f3n de utilizaci\u00f3n gratuita prevalecer\u00e1n los siguientes criterios:<\/p>\n<p>\uf0d8 Programaci\u00f3n propia<\/p>\n<p>\uf0d8 Disponibilidad de espacios<\/p>\n<p>\uf0d8 Disponibilidad de personal<\/p>\n<p>\uf0d8 Horarios <\/p>\n<p>2. Se comprobar\u00e1 la disponibilidad e idoneidad.<\/p>\n<p>Las solicitudes se presentar\u00e1n en Teila Fabrika, seg\u00fan impreso espec\u00edfico, con un plazo m\u00ednimo de presentaci\u00f3n de 1 semana de antelaci\u00f3n para actividades a desarrollar en horario habitual de Teila Fabrika y de 15 d\u00edas, para el resto de solicitudes.<\/p>\n<p><strong>MEDIDAS GENERALES FRENTE AL COVID19<\/strong><\/p>\n<p>\u2022 Los y las participantes no podr\u00e1n acceder a Teila Fabrika en el caso de que tengan cualquier s\u00edntoma relacionado con el virus, en el caso de que hayan estado en contacto con alguna persona que haya dado positivo o en el caso de que est\u00e9n en cuarentena.<\/p>\n<p>\u2022 Se seguir\u00e1n las pautas de las leyes que en el momento est\u00e9n vigentes.<\/p>\n<p>\u2022 Se utilizar\u00e1 la mascarilla en todo momento, tanto en la entrada, en la salida como durante la actividad.<\/p>\n<p>\u2022 Antes de entrar al espacio, se limpiar\u00e1n las manos con el gel hidroalcoh\u00f3lico.<\/p>\n<p>\u2022 No se cambiar\u00e1 la posici\u00f3n del mobiliario (mesas, sillas&#8230;)<\/p>\n<p>\u2022 Se evitar\u00e1n las conglomeraciones en el espacio exterior de Teila Fabrika<\/p>\n<p>\u2022 Se respetar\u00e1n las dem\u00e1s normas y pautas marcadas en el espacio.<\/p>\n<p>[\/et_pb_text][\/et_pb_column][\/et_pb_row][\/et_pb_section]<\/p>\n","protected":false},"excerpt":{"rendered":"<p>Normas y condiciones de uso del espacio Teila FabrikaNORMAS Y CONDICIONES DE USO DEL ESPACIO TEILA FABRIKA T\u00c9RMINOS DE USO Los servicios que el espacio de trabajo TEILA FABRIKA proporciona est\u00e1n sujetos a los siguientes t\u00e9rminos y condiciones y se reserva la facultad de interpretar las presentes normas, que podr\u00e1n ser objeto de posteriores modificaciones [&hellip;]<\/p>\n","protected":false},"author":1,"featured_media":0,"parent":0,"menu_order":0,"comment_status":"closed","ping_status":"closed","template":"","meta":{"_et_pb_use_builder":"on","_et_pb_old_content":"","_et_gb_content_width":"","footnotes":""},"class_list":["post-3278","page","type-page","status-publish","hentry"],"yoast_head":"<!-- This site is optimized with the Yoast SEO plugin v27.2 - https:\/\/yoast.com\/product\/yoast-seo-wordpress\/ -->\n<title>Normas y condiciones de uso del espacio Teila Fabrika - Teila Fabrika<\/title>\n<meta name=\"robots\" content=\"index, follow, max-snippet:-1, max-image-preview:large, max-video-preview:-1\" \/>\n<link rel=\"canonical\" href=\"https:\/\/teilafabrika.eus\/teila-fabrika-erabiltzeko-arauak\/\" \/>\n<meta property=\"og:locale\" content=\"es_ES\" \/>\n<meta property=\"og:type\" content=\"article\" \/>\n<meta property=\"og:title\" content=\"Normas y condiciones de uso del espacio Teila Fabrika - Teila Fabrika\" \/>\n<meta property=\"og:description\" content=\"Normas y condiciones de uso del espacio Teila FabrikaNORMAS Y CONDICIONES DE USO DEL ESPACIO TEILA FABRIKA T\u00c9RMINOS DE USO Los servicios que el espacio de trabajo TEILA FABRIKA proporciona est\u00e1n sujetos a los siguientes t\u00e9rminos y condiciones y se reserva la facultad de interpretar las presentes normas, que podr\u00e1n ser objeto de posteriores modificaciones [&hellip;]\" \/>\n<meta property=\"og:url\" content=\"https:\/\/teilafabrika.eus\/teila-fabrika-erabiltzeko-arauak\/\" \/>\n<meta property=\"og:site_name\" content=\"Teila Fabrika\" \/>\n<meta property=\"article:modified_time\" content=\"2021-12-28T15:22:56+00:00\" \/>\n<meta name=\"twitter:card\" content=\"summary_large_image\" \/>\n<meta name=\"twitter:label1\" content=\"Tiempo de lectura\" \/>\n\t<meta name=\"twitter:data1\" content=\"10 minutos\" \/>\n<script type=\"application\/ld+json\" class=\"yoast-schema-graph\">{\"@context\":\"https:\/\/schema.org\",\"@graph\":[{\"@type\":\"WebPage\",\"@id\":\"https:\/\/teilafabrika.eus\/teila-fabrika-erabiltzeko-arauak\/\",\"url\":\"https:\/\/teilafabrika.eus\/teila-fabrika-erabiltzeko-arauak\/\",\"name\":\"Normas y condiciones de uso del espacio Teila Fabrika - Teila Fabrika\",\"isPartOf\":{\"@id\":\"https:\/\/teilafabrika.eus\/#website\"},\"datePublished\":\"2021-12-28T10:45:33+00:00\",\"dateModified\":\"2021-12-28T15:22:56+00:00\",\"breadcrumb\":{\"@id\":\"https:\/\/teilafabrika.eus\/teila-fabrika-erabiltzeko-arauak\/#breadcrumb\"},\"inLanguage\":\"es\",\"potentialAction\":[{\"@type\":\"ReadAction\",\"target\":[\"https:\/\/teilafabrika.eus\/teila-fabrika-erabiltzeko-arauak\/\"]}]},{\"@type\":\"BreadcrumbList\",\"@id\":\"https:\/\/teilafabrika.eus\/teila-fabrika-erabiltzeko-arauak\/#breadcrumb\",\"itemListElement\":[{\"@type\":\"ListItem\",\"position\":1,\"name\":\"Home\",\"item\":\"https:\/\/teilafabrika.eus\/es\/\"},{\"@type\":\"ListItem\",\"position\":2,\"name\":\"Normas y condiciones de uso del espacio Teila Fabrika\"}]},{\"@type\":\"WebSite\",\"@id\":\"https:\/\/teilafabrika.eus\/#website\",\"url\":\"https:\/\/teilafabrika.eus\/\",\"name\":\"Teila Fabrika\",\"description\":\"Elkarlanean ekiteko eta konektatzeko coworking espazioa\",\"publisher\":{\"@id\":\"https:\/\/teilafabrika.eus\/#organization\"},\"potentialAction\":[{\"@type\":\"SearchAction\",\"target\":{\"@type\":\"EntryPoint\",\"urlTemplate\":\"https:\/\/teilafabrika.eus\/?s={search_term_string}\"},\"query-input\":{\"@type\":\"PropertyValueSpecification\",\"valueRequired\":true,\"valueName\":\"search_term_string\"}}],\"inLanguage\":\"es\"},{\"@type\":\"Organization\",\"@id\":\"https:\/\/teilafabrika.eus\/#organization\",\"name\":\"Teila Fabrika\",\"url\":\"https:\/\/teilafabrika.eus\/\",\"logo\":{\"@type\":\"ImageObject\",\"inLanguage\":\"es\",\"@id\":\"https:\/\/teilafabrika.eus\/#\/schema\/logo\/image\/\",\"url\":\"https:\/\/teilafabrika.eus\/wp-content\/uploads\/2020\/11\/Teila-fabrika-egia-coworking.png\",\"contentUrl\":\"https:\/\/teilafabrika.eus\/wp-content\/uploads\/2020\/11\/Teila-fabrika-egia-coworking.png\",\"width\":315,\"height\":154,\"caption\":\"Teila Fabrika\"},\"image\":{\"@id\":\"https:\/\/teilafabrika.eus\/#\/schema\/logo\/image\/\"}}]}<\/script>\n<!-- \/ Yoast SEO plugin. -->","yoast_head_json":{"title":"Normas y condiciones de uso del espacio Teila Fabrika - Teila Fabrika","robots":{"index":"index","follow":"follow","max-snippet":"max-snippet:-1","max-image-preview":"max-image-preview:large","max-video-preview":"max-video-preview:-1"},"canonical":"https:\/\/teilafabrika.eus\/teila-fabrika-erabiltzeko-arauak\/","og_locale":"es_ES","og_type":"article","og_title":"Normas y condiciones de uso del espacio Teila Fabrika - Teila Fabrika","og_description":"Normas y condiciones de uso del espacio Teila FabrikaNORMAS Y CONDICIONES DE USO DEL ESPACIO TEILA FABRIKA T\u00c9RMINOS DE USO Los servicios que el espacio de trabajo TEILA FABRIKA proporciona est\u00e1n sujetos a los siguientes t\u00e9rminos y condiciones y se reserva la facultad de interpretar las presentes normas, que podr\u00e1n ser objeto de posteriores modificaciones [&hellip;]","og_url":"https:\/\/teilafabrika.eus\/teila-fabrika-erabiltzeko-arauak\/","og_site_name":"Teila Fabrika","article_modified_time":"2021-12-28T15:22:56+00:00","twitter_card":"summary_large_image","twitter_misc":{"Tiempo de lectura":"10 minutos"},"schema":{"@context":"https:\/\/schema.org","@graph":[{"@type":"WebPage","@id":"https:\/\/teilafabrika.eus\/teila-fabrika-erabiltzeko-arauak\/","url":"https:\/\/teilafabrika.eus\/teila-fabrika-erabiltzeko-arauak\/","name":"Normas y condiciones de uso del espacio Teila Fabrika - Teila Fabrika","isPartOf":{"@id":"https:\/\/teilafabrika.eus\/#website"},"datePublished":"2021-12-28T10:45:33+00:00","dateModified":"2021-12-28T15:22:56+00:00","breadcrumb":{"@id":"https:\/\/teilafabrika.eus\/teila-fabrika-erabiltzeko-arauak\/#breadcrumb"},"inLanguage":"es","potentialAction":[{"@type":"ReadAction","target":["https:\/\/teilafabrika.eus\/teila-fabrika-erabiltzeko-arauak\/"]}]},{"@type":"BreadcrumbList","@id":"https:\/\/teilafabrika.eus\/teila-fabrika-erabiltzeko-arauak\/#breadcrumb","itemListElement":[{"@type":"ListItem","position":1,"name":"Home","item":"https:\/\/teilafabrika.eus\/es\/"},{"@type":"ListItem","position":2,"name":"Normas y condiciones de uso del espacio Teila Fabrika"}]},{"@type":"WebSite","@id":"https:\/\/teilafabrika.eus\/#website","url":"https:\/\/teilafabrika.eus\/","name":"Teila Fabrika","description":"Elkarlanean ekiteko eta konektatzeko coworking espazioa","publisher":{"@id":"https:\/\/teilafabrika.eus\/#organization"},"potentialAction":[{"@type":"SearchAction","target":{"@type":"EntryPoint","urlTemplate":"https:\/\/teilafabrika.eus\/?s={search_term_string}"},"query-input":{"@type":"PropertyValueSpecification","valueRequired":true,"valueName":"search_term_string"}}],"inLanguage":"es"},{"@type":"Organization","@id":"https:\/\/teilafabrika.eus\/#organization","name":"Teila Fabrika","url":"https:\/\/teilafabrika.eus\/","logo":{"@type":"ImageObject","inLanguage":"es","@id":"https:\/\/teilafabrika.eus\/#\/schema\/logo\/image\/","url":"https:\/\/teilafabrika.eus\/wp-content\/uploads\/2020\/11\/Teila-fabrika-egia-coworking.png","contentUrl":"https:\/\/teilafabrika.eus\/wp-content\/uploads\/2020\/11\/Teila-fabrika-egia-coworking.png","width":315,"height":154,"caption":"Teila Fabrika"},"image":{"@id":"https:\/\/teilafabrika.eus\/#\/schema\/logo\/image\/"}}]}},"_links":{"self":[{"href":"https:\/\/teilafabrika.eus\/es\/wp-json\/wp\/v2\/pages\/3278","targetHints":{"allow":["GET"]}}],"collection":[{"href":"https:\/\/teilafabrika.eus\/es\/wp-json\/wp\/v2\/pages"}],"about":[{"href":"https:\/\/teilafabrika.eus\/es\/wp-json\/wp\/v2\/types\/page"}],"author":[{"embeddable":true,"href":"https:\/\/teilafabrika.eus\/es\/wp-json\/wp\/v2\/users\/1"}],"replies":[{"embeddable":true,"href":"https:\/\/teilafabrika.eus\/es\/wp-json\/wp\/v2\/comments?post=3278"}],"version-history":[{"count":33,"href":"https:\/\/teilafabrika.eus\/es\/wp-json\/wp\/v2\/pages\/3278\/revisions"}],"predecessor-version":[{"id":3320,"href":"https:\/\/teilafabrika.eus\/es\/wp-json\/wp\/v2\/pages\/3278\/revisions\/3320"}],"wp:attachment":[{"href":"https:\/\/teilafabrika.eus\/es\/wp-json\/wp\/v2\/media?parent=3278"}],"curies":[{"name":"wp","href":"https:\/\/api.w.org\/{rel}","templated":true}]}}