{"id":3788,"date":"2022-10-03T10:11:52","date_gmt":"2022-10-03T09:11:52","guid":{"rendered":"https:\/\/teilafabrika.eus\/?post_type=product&#038;p=3788"},"modified":"2022-10-05T09:10:33","modified_gmt":"2022-10-05T08:10:33","slug":"por-una-politica-a-caraperro-paco-vidarte-ehgam","status":"publish","type":"product","link":"https:\/\/teilafabrika.eus\/es\/ekitaldiak\/por-una-politica-a-caraperro-paco-vidarte-ehgam\/","title":{"rendered":"Por una pol\u00edtica a caraperro (Paco Vidarte) &#8211; ehgam"},"content":{"rendered":"<p>Ehgamen Iraqueerle taldea martxan da, hilean behin, LGTBIQ+ gaien inguruko liburu bat. Saio guztiak Egiako Teila Fabrikan, asteartez, arratsaldeko 18:30ean. <strong>Parte hartzeko: iraqueerle.ehgam@ni.eus<\/strong><\/p>\n<p>Irakurriko ditugun liburuak euskaraz nahiz gaztelaniaz argitaratuak dira, eta solasaldiak euskaraz izango dira. Gaian interesa duen edonorentzat zabalik daude saioak.<\/p>\n<p>EGITARAUA:<\/p>\n<p>-Urriak 11: aurkezpena eta poesia errezitaldia. Oihana Arana, Maialen Berasaregi Catal\u00e1n, Eva P\u00e9rez-Pons eta Leire Vargas.<\/p>\n<p>-Azaroak 8: Noiz bukatzen da armairua? (Egoitz Arbiol eta Ibai Fresnedo)<\/p>\n<p>-Abenduak 13: El feminismo queer es para todo el mundo (Gracia Trujillo)<\/p>\n<p>-Urtarrilak 10: \u00bfPor qu\u00e9 ser feliz si puedes ser normal? (Jeannette Winterson)<\/p>\n<p>-Otsailak 14: La pol\u00edtica de todes. Feminismo, teor\u00eda queer y marxismo en la intersecci\u00f3n (Holly Lewis)<\/p>\n<p>-Martxoak 14: El arte queer del fracaso. (Jack Halberstam)<\/p>\n<p>-Apirilak 18: Borrokalari transgeneroak. (Leslie Feinberg)<\/p>\n<p><strong>-Maiatzak 9: Por una pol\u00edtica a caraperro (Paco Vidarte)<\/strong><\/p>\n<p>-Ekainak 13. Antzinako berri-berriak (Kae Tempest)<\/p>\n<p><a href=\"https:\/\/teilafabrika.eus\/wp-content\/uploads\/2022\/10\/IRAQUEERLE-taldea-TXIKI.jpg\"><img loading=\"lazy\" decoding=\"async\" class=\"alignnone wp-image-3778\" src=\"https:\/\/teilafabrika.eus\/wp-content\/uploads\/2022\/10\/IRAQUEERLE-taldea-TXIKI-212x300.jpg\" alt=\"\" width=\"259\" height=\"367\" srcset=\"https:\/\/teilafabrika.eus\/wp-content\/uploads\/2022\/10\/IRAQUEERLE-taldea-TXIKI-212x300.jpg 212w, https:\/\/teilafabrika.eus\/wp-content\/uploads\/2022\/10\/IRAQUEERLE-taldea-TXIKI.jpg 450w\" sizes=\"(max-width: 259px) 100vw, 259px\" \/><\/a><\/p>\n<p>&nbsp;<\/p>\n","protected":false},"excerpt":{"rendered":"<p>Ehgamen Iraqueerle taldea martxan da, hilean behin, LGTBIQ+ gaien inguruko liburu bat. Saio guztiak Egiako Teila Fabrikan, asteartez, arratsaldeko 18:30ean. Parte hartzeko: iraqueerle.ehgam@ni.eus Irakurriko ditugun liburuak euskaraz nahiz gaztelaniaz argitaratuak dira, eta solasaldiak euskaraz izango dira. Gaian interesa duen edonorentzat zabalik daude saioak. EGITARAUA: -Urriak 11: aurkezpena eta poesia errezitaldia. Oihana Arana, Maialen Berasaregi Catal\u00e1n, [&hellip;]<\/p>\n","protected":false},"featured_media":3828,"template":"","meta":{"_et_pb_use_builder":"","_et_pb_old_content":"","_et_gb_content_width":""},"product_brand":[],"product_cat":[36],"product_tag":[],"class_list":{"0":"post-3788","1":"product","2":"type-product","3":"status-publish","4":"has-post-thumbnail","6":"product_cat-sin-categorizar","8":"first","9":"instock","10":"shipping-taxable","11":"purchasable","12":"product-type-simple"},"yoast_head":"<!-- This site is optimized with the Yoast SEO plugin v27.2 - https:\/\/yoast.com\/product\/yoast-seo-wordpress\/ -->\n<title>Por una pol\u00edtica a caraperro (Paco Vidarte) - ehgam - Teila Fabrika<\/title>\n<meta name=\"robots\" content=\"index, follow, max-snippet:-1, max-image-preview:large, max-video-preview:-1\" \/>\n<link rel=\"canonical\" href=\"https:\/\/teilafabrika.eus\/ekitaldiak\/por-una-politica-a-caraperro-paco-vidarte-ehgam\/\" \/>\n<meta property=\"og:locale\" content=\"es_ES\" \/>\n<meta property=\"og:type\" content=\"article\" \/>\n<meta property=\"og:title\" content=\"Por una pol\u00edtica a caraperro (Paco Vidarte) - ehgam - Teila Fabrika\" \/>\n<meta property=\"og:description\" content=\"Ehgamen Iraqueerle taldea martxan da, hilean behin, LGTBIQ+ gaien inguruko liburu bat. Saio guztiak Egiako Teila Fabrikan, asteartez, arratsaldeko 18:30ean. Parte hartzeko: iraqueerle.ehgam@ni.eus Irakurriko ditugun liburuak euskaraz nahiz gaztelaniaz argitaratuak dira, eta solasaldiak euskaraz izango dira. Gaian interesa duen edonorentzat zabalik daude saioak. EGITARAUA: -Urriak 11: aurkezpena eta poesia errezitaldia. Oihana Arana, Maialen Berasaregi Catal\u00e1n, [&hellip;]\" \/>\n<meta property=\"og:url\" content=\"https:\/\/teilafabrika.eus\/ekitaldiak\/por-una-politica-a-caraperro-paco-vidarte-ehgam\/\" \/>\n<meta property=\"og:site_name\" content=\"Teila Fabrika\" \/>\n<meta property=\"article:modified_time\" content=\"2022-10-05T08:10:33+00:00\" \/>\n<meta property=\"og:image\" content=\"https:\/\/teilafabrika.eus\/wp-content\/uploads\/2022\/10\/URDINA-TXIKI-goiburu-1.jpg\" \/>\n\t<meta property=\"og:image:width\" content=\"500\" \/>\n\t<meta property=\"og:image:height\" content=\"352\" \/>\n\t<meta property=\"og:image:type\" content=\"image\/jpeg\" \/>\n<meta name=\"twitter:card\" content=\"summary_large_image\" \/>\n<meta name=\"twitter:label1\" content=\"Tiempo de lectura\" \/>\n\t<meta name=\"twitter:data1\" content=\"1 minuto\" \/>\n<script type=\"application\/ld+json\" class=\"yoast-schema-graph\">{\"@context\":\"https:\/\/schema.org\",\"@graph\":[{\"@type\":\"WebPage\",\"@id\":\"https:\/\/teilafabrika.eus\/ekitaldiak\/por-una-politica-a-caraperro-paco-vidarte-ehgam\/\",\"url\":\"https:\/\/teilafabrika.eus\/ekitaldiak\/por-una-politica-a-caraperro-paco-vidarte-ehgam\/\",\"name\":\"Por una pol\u00edtica a caraperro (Paco Vidarte) - ehgam - Teila Fabrika\",\"isPartOf\":{\"@id\":\"https:\/\/teilafabrika.eus\/#website\"},\"primaryImageOfPage\":{\"@id\":\"https:\/\/teilafabrika.eus\/ekitaldiak\/por-una-politica-a-caraperro-paco-vidarte-ehgam\/#primaryimage\"},\"image\":{\"@id\":\"https:\/\/teilafabrika.eus\/ekitaldiak\/por-una-politica-a-caraperro-paco-vidarte-ehgam\/#primaryimage\"},\"thumbnailUrl\":\"https:\/\/teilafabrika.eus\/wp-content\/uploads\/2022\/10\/URDINA-TXIKI-goiburu-1.jpg\",\"datePublished\":\"2022-10-03T09:11:52+00:00\",\"dateModified\":\"2022-10-05T08:10:33+00:00\",\"breadcrumb\":{\"@id\":\"https:\/\/teilafabrika.eus\/ekitaldiak\/por-una-politica-a-caraperro-paco-vidarte-ehgam\/#breadcrumb\"},\"inLanguage\":\"es\",\"potentialAction\":[{\"@type\":\"ReadAction\",\"target\":[\"https:\/\/teilafabrika.eus\/ekitaldiak\/por-una-politica-a-caraperro-paco-vidarte-ehgam\/\"]}]},{\"@type\":\"ImageObject\",\"inLanguage\":\"es\",\"@id\":\"https:\/\/teilafabrika.eus\/ekitaldiak\/por-una-politica-a-caraperro-paco-vidarte-ehgam\/#primaryimage\",\"url\":\"https:\/\/teilafabrika.eus\/wp-content\/uploads\/2022\/10\/URDINA-TXIKI-goiburu-1.jpg\",\"contentUrl\":\"https:\/\/teilafabrika.eus\/wp-content\/uploads\/2022\/10\/URDINA-TXIKI-goiburu-1.jpg\",\"width\":500,\"height\":352},{\"@type\":\"BreadcrumbList\",\"@id\":\"https:\/\/teilafabrika.eus\/ekitaldiak\/por-una-politica-a-caraperro-paco-vidarte-ehgam\/#breadcrumb\",\"itemListElement\":[{\"@type\":\"ListItem\",\"position\":1,\"name\":\"Home\",\"item\":\"https:\/\/teilafabrika.eus\/es\/\"},{\"@type\":\"ListItem\",\"position\":2,\"name\":\"Denda\",\"item\":\"https:\/\/teilafabrika.eus\/denda\/\"},{\"@type\":\"ListItem\",\"position\":3,\"name\":\"Por una pol\u00edtica a caraperro (Paco Vidarte) &#8211; ehgam\"}]},{\"@type\":\"WebSite\",\"@id\":\"https:\/\/teilafabrika.eus\/#website\",\"url\":\"https:\/\/teilafabrika.eus\/\",\"name\":\"Teila Fabrika\",\"description\":\"Elkarlanean ekiteko eta konektatzeko coworking espazioa\",\"publisher\":{\"@id\":\"https:\/\/teilafabrika.eus\/#organization\"},\"potentialAction\":[{\"@type\":\"SearchAction\",\"target\":{\"@type\":\"EntryPoint\",\"urlTemplate\":\"https:\/\/teilafabrika.eus\/?s={search_term_string}\"},\"query-input\":{\"@type\":\"PropertyValueSpecification\",\"valueRequired\":true,\"valueName\":\"search_term_string\"}}],\"inLanguage\":\"es\"},{\"@type\":\"Organization\",\"@id\":\"https:\/\/teilafabrika.eus\/#organization\",\"name\":\"Teila Fabrika\",\"url\":\"https:\/\/teilafabrika.eus\/\",\"logo\":{\"@type\":\"ImageObject\",\"inLanguage\":\"es\",\"@id\":\"https:\/\/teilafabrika.eus\/#\/schema\/logo\/image\/\",\"url\":\"https:\/\/teilafabrika.eus\/wp-content\/uploads\/2020\/11\/Teila-fabrika-egia-coworking.png\",\"contentUrl\":\"https:\/\/teilafabrika.eus\/wp-content\/uploads\/2020\/11\/Teila-fabrika-egia-coworking.png\",\"width\":315,\"height\":154,\"caption\":\"Teila Fabrika\"},\"image\":{\"@id\":\"https:\/\/teilafabrika.eus\/#\/schema\/logo\/image\/\"}}]}<\/script>\n<!-- \/ Yoast SEO plugin. -->","yoast_head_json":{"title":"Por una pol\u00edtica a caraperro (Paco Vidarte) - ehgam - Teila Fabrika","robots":{"index":"index","follow":"follow","max-snippet":"max-snippet:-1","max-image-preview":"max-image-preview:large","max-video-preview":"max-video-preview:-1"},"canonical":"https:\/\/teilafabrika.eus\/ekitaldiak\/por-una-politica-a-caraperro-paco-vidarte-ehgam\/","og_locale":"es_ES","og_type":"article","og_title":"Por una pol\u00edtica a caraperro (Paco Vidarte) - ehgam - Teila Fabrika","og_description":"Ehgamen Iraqueerle taldea martxan da, hilean behin, LGTBIQ+ gaien inguruko liburu bat. Saio guztiak Egiako Teila Fabrikan, asteartez, arratsaldeko 18:30ean. Parte hartzeko: iraqueerle.ehgam@ni.eus Irakurriko ditugun liburuak euskaraz nahiz gaztelaniaz argitaratuak dira, eta solasaldiak euskaraz izango dira. Gaian interesa duen edonorentzat zabalik daude saioak. EGITARAUA: -Urriak 11: aurkezpena eta poesia errezitaldia. Oihana Arana, Maialen Berasaregi Catal\u00e1n, [&hellip;]","og_url":"https:\/\/teilafabrika.eus\/ekitaldiak\/por-una-politica-a-caraperro-paco-vidarte-ehgam\/","og_site_name":"Teila Fabrika","article_modified_time":"2022-10-05T08:10:33+00:00","og_image":[{"width":500,"height":352,"url":"https:\/\/teilafabrika.eus\/wp-content\/uploads\/2022\/10\/URDINA-TXIKI-goiburu-1.jpg","type":"image\/jpeg"}],"twitter_card":"summary_large_image","twitter_misc":{"Tiempo de lectura":"1 minuto"},"schema":{"@context":"https:\/\/schema.org","@graph":[{"@type":"WebPage","@id":"https:\/\/teilafabrika.eus\/ekitaldiak\/por-una-politica-a-caraperro-paco-vidarte-ehgam\/","url":"https:\/\/teilafabrika.eus\/ekitaldiak\/por-una-politica-a-caraperro-paco-vidarte-ehgam\/","name":"Por una pol\u00edtica a caraperro (Paco Vidarte) - ehgam - Teila Fabrika","isPartOf":{"@id":"https:\/\/teilafabrika.eus\/#website"},"primaryImageOfPage":{"@id":"https:\/\/teilafabrika.eus\/ekitaldiak\/por-una-politica-a-caraperro-paco-vidarte-ehgam\/#primaryimage"},"image":{"@id":"https:\/\/teilafabrika.eus\/ekitaldiak\/por-una-politica-a-caraperro-paco-vidarte-ehgam\/#primaryimage"},"thumbnailUrl":"https:\/\/teilafabrika.eus\/wp-content\/uploads\/2022\/10\/URDINA-TXIKI-goiburu-1.jpg","datePublished":"2022-10-03T09:11:52+00:00","dateModified":"2022-10-05T08:10:33+00:00","breadcrumb":{"@id":"https:\/\/teilafabrika.eus\/ekitaldiak\/por-una-politica-a-caraperro-paco-vidarte-ehgam\/#breadcrumb"},"inLanguage":"es","potentialAction":[{"@type":"ReadAction","target":["https:\/\/teilafabrika.eus\/ekitaldiak\/por-una-politica-a-caraperro-paco-vidarte-ehgam\/"]}]},{"@type":"ImageObject","inLanguage":"es","@id":"https:\/\/teilafabrika.eus\/ekitaldiak\/por-una-politica-a-caraperro-paco-vidarte-ehgam\/#primaryimage","url":"https:\/\/teilafabrika.eus\/wp-content\/uploads\/2022\/10\/URDINA-TXIKI-goiburu-1.jpg","contentUrl":"https:\/\/teilafabrika.eus\/wp-content\/uploads\/2022\/10\/URDINA-TXIKI-goiburu-1.jpg","width":500,"height":352},{"@type":"BreadcrumbList","@id":"https:\/\/teilafabrika.eus\/ekitaldiak\/por-una-politica-a-caraperro-paco-vidarte-ehgam\/#breadcrumb","itemListElement":[{"@type":"ListItem","position":1,"name":"Home","item":"https:\/\/teilafabrika.eus\/es\/"},{"@type":"ListItem","position":2,"name":"Denda","item":"https:\/\/teilafabrika.eus\/denda\/"},{"@type":"ListItem","position":3,"name":"Por una pol\u00edtica a caraperro (Paco Vidarte) &#8211; ehgam"}]},{"@type":"WebSite","@id":"https:\/\/teilafabrika.eus\/#website","url":"https:\/\/teilafabrika.eus\/","name":"Teila Fabrika","description":"Elkarlanean ekiteko eta konektatzeko coworking espazioa","publisher":{"@id":"https:\/\/teilafabrika.eus\/#organization"},"potentialAction":[{"@type":"SearchAction","target":{"@type":"EntryPoint","urlTemplate":"https:\/\/teilafabrika.eus\/?s={search_term_string}"},"query-input":{"@type":"PropertyValueSpecification","valueRequired":true,"valueName":"search_term_string"}}],"inLanguage":"es"},{"@type":"Organization","@id":"https:\/\/teilafabrika.eus\/#organization","name":"Teila Fabrika","url":"https:\/\/teilafabrika.eus\/","logo":{"@type":"ImageObject","inLanguage":"es","@id":"https:\/\/teilafabrika.eus\/#\/schema\/logo\/image\/","url":"https:\/\/teilafabrika.eus\/wp-content\/uploads\/2020\/11\/Teila-fabrika-egia-coworking.png","contentUrl":"https:\/\/teilafabrika.eus\/wp-content\/uploads\/2020\/11\/Teila-fabrika-egia-coworking.png","width":315,"height":154,"caption":"Teila Fabrika"},"image":{"@id":"https:\/\/teilafabrika.eus\/#\/schema\/logo\/image\/"}}]}},"_links":{"self":[{"href":"https:\/\/teilafabrika.eus\/es\/wp-json\/wp\/v2\/product\/3788","targetHints":{"allow":["GET"]}}],"collection":[{"href":"https:\/\/teilafabrika.eus\/es\/wp-json\/wp\/v2\/product"}],"about":[{"href":"https:\/\/teilafabrika.eus\/es\/wp-json\/wp\/v2\/types\/product"}],"wp:featuredmedia":[{"embeddable":true,"href":"https:\/\/teilafabrika.eus\/es\/wp-json\/wp\/v2\/media\/3828"}],"wp:attachment":[{"href":"https:\/\/teilafabrika.eus\/es\/wp-json\/wp\/v2\/media?parent=3788"}],"wp:term":[{"taxonomy":"product_brand","embeddable":true,"href":"https:\/\/teilafabrika.eus\/es\/wp-json\/wp\/v2\/product_brand?post=3788"},{"taxonomy":"product_cat","embeddable":true,"href":"https:\/\/teilafabrika.eus\/es\/wp-json\/wp\/v2\/product_cat?post=3788"},{"taxonomy":"product_tag","embeddable":true,"href":"https:\/\/teilafabrika.eus\/es\/wp-json\/wp\/v2\/product_tag?post=3788"}],"curies":[{"name":"wp","href":"https:\/\/api.w.org\/{rel}","templated":true}]}}